{"id":345,"date":"2024-05-22T18:43:16","date_gmt":"2024-05-22T18:43:16","guid":{"rendered":"https:\/\/ambulatoriosirignano.it\/?page_id=345"},"modified":"2024-05-22T18:48:17","modified_gmt":"2024-05-22T18:48:17","slug":"gestione-cookie","status":"publish","type":"page","link":"https:\/\/ambulatoriosirignano.it\/?page_id=345","title":{"rendered":"Gestione Cookie"},"content":{"rendered":"\t\t<div data-elementor-type=\"wp-page\" data-elementor-id=\"345\" class=\"elementor elementor-345\" data-elementor-post-type=\"page\">\n\t\t\t\t\t\t<section class=\"elementor-section elementor-top-section elementor-element elementor-element-2da0a488 elementor-section-full_width elementor-section-height-default elementor-section-height-default\" data-id=\"2da0a488\" data-element_type=\"section\" data-settings=\"{&quot;background_background&quot;:&quot;classic&quot;}\">\n\t\t\t\t\t\t\t<div class=\"elementor-background-overlay\"><\/div>\n\t\t\t\t\t\t\t<div class=\"elementor-container elementor-column-gap-default\">\n\t\t\t\t\t<div class=\"elementor-column elementor-col-100 elementor-top-column elementor-element elementor-element-70a52012\" data-id=\"70a52012\" data-element_type=\"column\" data-settings=\"{&quot;background_background&quot;:&quot;classic&quot;}\">\n\t\t\t<div class=\"elementor-widget-wrap elementor-element-populated\">\n\t\t\t\t\t<div class=\"elementor-background-overlay\"><\/div>\n\t\t\t\t\t\t<section class=\"elementor-section elementor-inner-section elementor-element elementor-element-4fa8bd04 elementor-section-boxed elementor-section-height-default elementor-section-height-default elementor-invisible\" data-id=\"4fa8bd04\" data-element_type=\"section\" data-settings=\"{&quot;animation&quot;:&quot;fadeInUp&quot;}\">\n\t\t\t\t\t\t<div class=\"elementor-container elementor-column-gap-default\">\n\t\t\t\t\t<div class=\"elementor-column elementor-col-100 elementor-inner-column elementor-element elementor-element-1c3238b9\" data-id=\"1c3238b9\" data-element_type=\"column\" data-settings=\"{&quot;background_background&quot;:&quot;classic&quot;}\">\n\t\t\t<div class=\"elementor-widget-wrap elementor-element-populated\">\n\t\t\t\t\t<div class=\"elementor-background-overlay\"><\/div>\n\t\t\t\t\t\t<div class=\"elementor-element elementor-element-6b03ca51 elementor-widget elementor-widget-heading\" data-id=\"6b03ca51\" data-element_type=\"widget\" data-widget_type=\"heading.default\">\n\t\t\t\t<div class=\"elementor-widget-container\">\n\t\t\t<style>\/*! elementor - v3.21.0 - 08-05-2024 *\/\n.elementor-heading-title{padding:0;margin:0;line-height:1}.elementor-widget-heading .elementor-heading-title[class*=elementor-size-]>a{color:inherit;font-size:inherit;line-height:inherit}.elementor-widget-heading .elementor-heading-title.elementor-size-small{font-size:15px}.elementor-widget-heading .elementor-heading-title.elementor-size-medium{font-size:19px}.elementor-widget-heading .elementor-heading-title.elementor-size-large{font-size:29px}.elementor-widget-heading .elementor-heading-title.elementor-size-xl{font-size:39px}.elementor-widget-heading .elementor-heading-title.elementor-size-xxl{font-size:59px}<\/style><h2 class=\"elementor-heading-title elementor-size-default\">Gestione Cookie<\/h2>\t\t<\/div>\n\t\t\t\t<\/div>\n\t\t\t\t<div class=\"elementor-element elementor-element-7687f001 elementor-icon-list--layout-inline elementor-align-center elementor-list-item-link-full_width elementor-widget elementor-widget-icon-list\" data-id=\"7687f001\" data-element_type=\"widget\" data-widget_type=\"icon-list.default\">\n\t\t\t\t<div class=\"elementor-widget-container\">\n\t\t\t<link rel=\"stylesheet\" href=\"https:\/\/ambulatoriosirignano.it\/wp-content\/plugins\/elementor\/assets\/css\/widget-icon-list.min.css\">\t\t<ul class=\"elementor-icon-list-items elementor-inline-items\">\n\t\t\t\t\t\t\t<li class=\"elementor-icon-list-item elementor-inline-item\">\n\t\t\t\t\t\t\t\t\t\t<span class=\"elementor-icon-list-text\">Home <\/span>\n\t\t\t\t\t\t\t\t\t<\/li>\n\t\t\t\t\t\t\t\t<li class=\"elementor-icon-list-item elementor-inline-item\">\n\t\t\t\t\t\t\t\t\t\t\t<span class=\"elementor-icon-list-icon\">\n\t\t\t\t\t\t\t<svg aria-hidden=\"true\" class=\"e-font-icon-svg e-fas-paw\" viewBox=\"0 0 512 512\" xmlns=\"http:\/\/www.w3.org\/2000\/svg\"><path d=\"M256 224c-79.41 0-192 122.76-192 200.25 0 34.9 26.81 55.75 71.74 55.75 48.84 0 81.09-25.08 120.26-25.08 39.51 0 71.85 25.08 120.26 25.08 44.93 0 71.74-20.85 71.74-55.75C448 346.76 335.41 224 256 224zm-147.28-12.61c-10.4-34.65-42.44-57.09-71.56-50.13-29.12 6.96-44.29 40.69-33.89 75.34 10.4 34.65 42.44 57.09 71.56 50.13 29.12-6.96 44.29-40.69 33.89-75.34zm84.72-20.78c30.94-8.14 46.42-49.94 34.58-93.36s-46.52-72.01-77.46-63.87-46.42 49.94-34.58 93.36c11.84 43.42 46.53 72.02 77.46 63.87zm281.39-29.34c-29.12-6.96-61.15 15.48-71.56 50.13-10.4 34.65 4.77 68.38 33.89 75.34 29.12 6.96 61.15-15.48 71.56-50.13 10.4-34.65-4.77-68.38-33.89-75.34zm-156.27 29.34c30.94 8.14 65.62-20.45 77.46-63.87 11.84-43.42-3.64-85.21-34.58-93.36s-65.62 20.45-77.46 63.87c-11.84 43.42 3.64 85.22 34.58 93.36z\"><\/path><\/svg>\t\t\t\t\t\t<\/span>\n\t\t\t\t\t\t\t\t\t\t<span class=\"elementor-icon-list-text\">Gestione Cookie<\/span>\n\t\t\t\t\t\t\t\t\t<\/li>\n\t\t\t\t\t\t<\/ul>\n\t\t\t\t<\/div>\n\t\t\t\t<\/div>\n\t\t\t\t\t<\/div>\n\t\t<\/div>\n\t\t\t\t\t<\/div>\n\t\t<\/section>\n\t\t\t\t\t<\/div>\n\t\t<\/div>\n\t\t\t\t\t<\/div>\n\t\t<\/section>\n\t\t<div class=\"elementor-element elementor-element-972db8b e-flex e-con-boxed e-con e-parent\" data-id=\"972db8b\" data-element_type=\"container\">\n\t\t\t\t\t<div class=\"e-con-inner\">\n\t\t\t\t<div class=\"elementor-element elementor-element-faeaad6 elementor-widget elementor-widget-text-editor\" data-id=\"faeaad6\" data-element_type=\"widget\" data-widget_type=\"text-editor.default\">\n\t\t\t\t<div class=\"elementor-widget-container\">\n\t\t\t<style>\/*! elementor - v3.21.0 - 08-05-2024 *\/\n.elementor-widget-text-editor.elementor-drop-cap-view-stacked .elementor-drop-cap{background-color:#69727d;color:#fff}.elementor-widget-text-editor.elementor-drop-cap-view-framed .elementor-drop-cap{color:#69727d;border:3px solid;background-color:transparent}.elementor-widget-text-editor:not(.elementor-drop-cap-view-default) .elementor-drop-cap{margin-top:8px}.elementor-widget-text-editor:not(.elementor-drop-cap-view-default) .elementor-drop-cap-letter{width:1em;height:1em}.elementor-widget-text-editor .elementor-drop-cap{float:left;text-align:center;line-height:1;font-size:50px}.elementor-widget-text-editor .elementor-drop-cap-letter{display:inline-block}<\/style>\t\t\t\t<h2>Informativa estesa sui Cookie<\/h2><p>I Cookie sono costituiti da porzioni di codice installate all\u2019interno del browser che assistono il Titolare nell\u2019erogazione del servizio in base alle finalit\u00e0 descritte. Alcune delle finalit\u00e0 di installazione dei Cookie potrebbero, inoltre, necessitare del consenso dell\u2019Utente.<\/p><h3>\u200bUso dei cookie<\/h3><p>Questo sito utilizza i Cookie per rendere semplice ed efficace l\u2019esperienza di navigazione per chi ne visualizza le pagine.<br \/>Gli utenti che visionano il sito, vedranno inserite delle quantit\u00e0 minime di informazioni nei dispositivi in uso, che siano computer e periferiche mobili, in piccoli file di testo denominati \u201ccookie\u201d salvati nelle directory utilizzate dal browser web dell\u2019utente.<br \/>Disabilitando i cookie alcuni delle funzionalit\u00e0 del sito potrebbero non funzionare correttamente.<br \/>Vi sono vari tipi di cookie, alcuni per rendere pi\u00f9 efficace l\u2019uso del Sito, altri per abilitare determinate funzionalit\u00e0.<br \/>I nostri cookie permettono di memorizzare le preferenze inserite, evitare di reinserire le stesse informazioni pi\u00f9 volte e analizzare l\u2019utilizzo del sito per ottimizzarne l\u2019esperienza di navigazione.<\/p><h3>\u200bTipologie di Cookie utilizzati in questo sito<\/h3><p>Cookie Tecnici<br \/>Questa tipologia di cookie \u00e8 strettamente necessaria al corretto funzionamento di alcune sezioni del sito. Sono di due categorie: persistenti e di sessione:<br \/>1) persistenti: una volta chiuso il browser non vengono distrutti ma rimangono fino ad una data di scadenza preimpostata<br \/>2) di sessioni: vengono distrutti ogni volta che il browser viene chiuso<br \/>Questi cookie, inviati sempre dal nostro dominio, sono necessari a visualizzare correttamente il sito e in relazione ai servizi tecnici offerti, verranno quindi sempre utilizzati e inviati, a meno che l\u2019utenza non modifichi le impostazioni nel proprio browser (inficiando cos\u00ec la visualizzazione delle pagine del sito).<\/p><p>Cookie analitici<br \/>Questi cookie vengono utilizzati per collezionare informazioni sull\u2019uso del sito.<br \/>Queste informazioni vengono utilizzate in merito ad analisi statistiche anonime al fine di migliorare l\u2019utilizzo del sito e per rendere i contenuti pi\u00f9 interessanti e attinenti ai desideri dell\u2019utenza. Questa tipologia di cookie raccoglie dati in forma anonima sull\u2019attivit\u00e0 dell\u2019utenza e su come \u00e8 arrivata sul sito. I cookie analitici sono inviati dal sito stesso o da domini di terze parti.<\/p><p>Cookie di analisi di servizi di terze parti<br \/>Questi cookie sono utilizzati al fine di raccogliere informazioni sull\u2019uso del sito da parte degli utenti informa anonima quali: pagine visitate, tempo di permanenza, origini del traffico di provenienza, provenienza geografica, et\u00e0, genere e interessi ai fini di campagne di marketing. Questi cookie sono inviati da domini di terze parti esterni al sito.<\/p><p>Cookie per integrare prodotti e funzioni di software di terze parti<br \/>Questa tipologia di cookie integra funzionalit\u00e0 sviluppate da terzi all\u2019interno delle pagine del sito come le icone e le preferenze espresse nei social network al fine di condivisione dei contenuti del sito o per l\u2019uso di servizi software di terze parti (come i software per generare le mappe e ulteriori software che offrono servizi aggiuntivi). Questi cookie sono inviati da domini di terze parti e da siti partner che offrono le loro funzionalit\u00e0 tra le pagine del Sito.<\/p><p>Cookie di profilazione<br \/>Sono quei cookie necessari a creare profili utenti al fine di inviare messaggi pubblicitari in linea con le preferenze manifestate dall\u2019utente all\u2019interno delle pagine del Sito.<br \/>Nel nostro Sito non utilizziamo cookie di profilazione.<\/p><h3>\u200bTipologie di cookie utilizzate in questo sito<\/h3><p>In questo sito, secondo la normativa vigente, non siamo tenuti a chiedere consenso per i cookie tecnici, in quanto necessari a fornire i servizi richiesti.<br \/>Per tutte le altre tipologie di cookie il consenso pu\u00f2 essere espresso dall\u2019utente con una o pi\u00f9 di una delle seguenti modalit\u00e0:<br \/>1) Mediante specifiche configurazioni del browser utilizzato o dei relativi programmi informatici utilizzati per navigare le pagine che compongono il sito.<br \/>2) Mediante modifica delle impostazioni nell\u2019uso dei servizi di terze parti<\/p><p>Queste soluzioni potrebbero impedire all\u2019utente di utilizzare o visualizzare parti del Sito.<\/p><h3>\u200bSiti Web e servizi di terze parti<\/h3><p>Il Sito potrebbe contenere collegamenti ad altri siti Web che dispongono di una propria informativa sulla privacy che pu\u00f2 essere diverse da quella adottata da questo sito e che quindi non risponde di questi siti.<\/p><h3>\u200bAttivit\u00e0 di salvataggio delle preferenze, ottimizzazione e statistica<\/h3><p>Utilizzo di cookie per salvare le preferenze di navigazione ed ottimizzare l\u2019esperienza di navigazione dell\u2019Utente. Fra questi Cookie rientrano, ad esempio, quelli per impostare la lingua e la valuta.<\/p><p><strong>\u200bCome disabilitare i cookie mediante configurazione di alcuni browser<\/strong><\/p><p>Ogni browser ha delle indicazioni specifiche per configurare i cookie.<br \/>Ecco alcuni riferimenti:<\/p><p>CHROME Guida Completa<br \/>MOZZILLA FIREFOX Guida Completa<br \/>INTERNET EXPLORER Guida Completa<br \/>SAFARI 6\/7 Guida Completa<br \/>SAFARI iOS DISPOSITIVI MOBILE Guida Completa<br \/>OPERA \u2013 Guida Completa<\/p><p>\u200b<\/p><p>Cookie utilizzati da questo sito<\/p><p>PHPSESSID<br \/>Identifica la sessione di PHP in corso durante la visita del sito<br \/>Dati personali raccolti: Cookie e dati di utilizzo<br \/>Scadenza: al termine della sessione di navigazione<\/p><p>\u200bSESS<br \/>Assicura il riconoscimento quando ci si sposta da una pagina all\u2019altra nell\u2019ambito del sito e assicurare che ogni informazioni inserita sia ricordata.<br \/>Dati personali raccolti: Cookie e dati di utilizzo<br \/>Scadenza: al termine della sessione di navigazione<\/p><p>\u200b<\/p><p>_icl_current_language<br \/>Visualizzazione della traduzione della lingua<br \/>Dati personali raccolti: Cookie e dati di utilizzo<br \/>Scadenza: 1 Giorno<\/p><p>\u200bForm o Modulo di Contatto<br \/>L\u2019utente, previa accettazione della Privacy, acconsente l\u2019invio e l\u2019utilizzo dei dati inseriti nel form di contatto al fine di rispondere esclusivamente alle richieste di preventivo e di informazione.<br \/>Dati personali raccolti: Nome, Cognome, Ragione Sociale, Email, Telefono, Richiesta.<br \/>Dati non conservati.<\/p><p>\u200bPulsante Mi Piace e servizi terzi di Facebook, Inc.<br \/>Il pulsante \u201cMi Piace\u201d e i servizi di Facebook sono necessari all\u2019interazione con il social network Facebook e vengono forniti da Facebook, Inc.<br \/>Dati personali raccolti: Cookie e dati di utilizzo<br \/>Luogo del trattamento: USA \u2013 Privacy Policy \u2013 Maggiori informazioni<\/p><p>\u200bPulsante Tweet e servizi terzi di Twitter, Inc.<br \/>Il pulsante \u201cTweet\u201d e i servizi correlati sono necessari all\u2019interazione con il social network Twitter e vengono forniti da Twitter, Inc.<br \/>Dati personali raccolti: Cookie e dati di utilizzo<br \/>Luogo del trattamento: USA \u2013Privacy Policy \u2013 Maggiori informazioni<\/p><p>\u200bYoutube e servizi terzi di Google Inc.<br \/>Youtube \u00e8 un social network dedicato alla visualizzazione di contenuti video ed \u00e8 gestito da Google Inc. con la possibilit\u00e0 di integrare i contenuti all\u2019interno delle proprie pagine.<br \/>Dati personali raccolti: Cookie e dati di utilizzo<br \/>Luogo del trattamento: USA \u2013 Privacy Policy \u2013 Opt in<\/p><p>\u200bVimeo di Vimeo, LLC<br \/>Vimeo \u00e8 un social network dedicato alla visualizzazione di contenuti video ed \u00e8 gestito da Vimeo, LLC con la possibilit\u00e0 di integrare i contenuti all\u2019interno delle proprie pagine.<br \/>Dati personali raccolti: Cookie e dati di utilizzo<br \/>Luogo del trattamento: USA \u2013 Privacy Policy<\/p><p>\u200bGoogle Analytics (Google)<br \/>Google Analytics \u00e8 un servizio di analisi web fornito da Google Inc. (\u201cGoogle\u201d). Google utilizza i Dati Personali raccolti allo scopo di tracciare ed esaminare l\u2019utilizzo di questa Applicazione, compilare report e condividerli con gli altri servizi sviluppati da Google.<br \/>Google potrebbe utilizzare i Dati Personali per contestualizzare e personalizzare gli annunci del proprio network pubblicitario.<br \/>Dati personali raccolti: Cookie e Dati di utilizzo.<br \/>Luogo del trattamento: USA \u2013 Privacy Policy \u2013 Opt Out<\/p><p><strong>\u200bTitolare del Trattamento dei Dati<\/strong><\/p><p>Ambulatorio Sirignano: Via Rione Sirignano, 5, 80121 Napoli NA<\/p><p>Telefono: 3476168796<\/p><p>Partita Iva: 07593330637<\/p><p>Indirizzo email: info@ambulatoriosirignano.it<\/p><p>Dal momento che l\u2019installazione di Cookie e di altri sistemi di tracciamento operata da terze parti tramite i servizi utilizzati all\u2019interno di questo sito non pu\u00f2 essere tecnicamente controllata dal Titolare, ogni riferimento specifico a Cookie e sistemi di tracciamento installati da terze parti \u00e8 da considerarsi indicativo. Per ottenere informazioni complete, consulta la privacy policy degli eventuali servizi terzi elencati in questo documento.<\/p><p>Vista l\u2019oggettiva complessit\u00e0 legata all\u2019identificazione delle tecnologie basate sui Cookie ed alla loro integrazione molto stretta con il funzionamento del web, l\u2019Utente \u00e8 invitato a contattare il Titolare qualora volesse ricevere qualunque approfondimento relativo all\u2019utilizzo dei Cookie stessi e ad eventuali utilizzi degli stessi \u2013 ad esempio ad opera di terzi \u2013 effettuati tramite questo sito.<\/p>\t\t\t\t\t\t<\/div>\n\t\t\t\t<\/div>\n\t\t\t\t<div class=\"elementor-element elementor-element-ab1b726 elementor-widget elementor-widget-spacer\" data-id=\"ab1b726\" data-element_type=\"widget\" data-widget_type=\"spacer.default\">\n\t\t\t\t<div class=\"elementor-widget-container\">\n\t\t\t<style>\/*! elementor - v3.21.0 - 08-05-2024 *\/\n.elementor-column .elementor-spacer-inner{height:var(--spacer-size)}.e-con{--container-widget-width:100%}.e-con-inner>.elementor-widget-spacer,.e-con>.elementor-widget-spacer{width:var(--container-widget-width,var(--spacer-size));--align-self:var(--container-widget-align-self,initial);--flex-shrink:0}.e-con-inner>.elementor-widget-spacer>.elementor-widget-container,.e-con>.elementor-widget-spacer>.elementor-widget-container{height:100%;width:100%}.e-con-inner>.elementor-widget-spacer>.elementor-widget-container>.elementor-spacer,.e-con>.elementor-widget-spacer>.elementor-widget-container>.elementor-spacer{height:100%}.e-con-inner>.elementor-widget-spacer>.elementor-widget-container>.elementor-spacer>.elementor-spacer-inner,.e-con>.elementor-widget-spacer>.elementor-widget-container>.elementor-spacer>.elementor-spacer-inner{height:var(--container-widget-height,var(--spacer-size))}.e-con-inner>.elementor-widget-spacer.elementor-widget-empty,.e-con>.elementor-widget-spacer.elementor-widget-empty{position:relative;min-height:22px;min-width:22px}.e-con-inner>.elementor-widget-spacer.elementor-widget-empty .elementor-widget-empty-icon,.e-con>.elementor-widget-spacer.elementor-widget-empty .elementor-widget-empty-icon{position:absolute;top:0;bottom:0;left:0;right:0;margin:auto;padding:0;width:22px;height:22px}<\/style>\t\t<div class=\"elementor-spacer\">\n\t\t\t<div class=\"elementor-spacer-inner\"><\/div>\n\t\t<\/div>\n\t\t\t\t<\/div>\n\t\t\t\t<\/div>\n\t\t\t\t\t<\/div>\n\t\t\t\t<\/div>\n\t\t\t\t<\/div>\n\t\t","protected":false},"excerpt":{"rendered":"<p>Gestione Cookie Home Gestione Cookie Informativa estesa sui Cookie I Cookie sono costituiti da porzioni di codice installate all\u2019interno del browser che assistono il Titolare nell\u2019erogazione del servizio in base alle finalit\u00e0 descritte. Alcune delle finalit\u00e0 di installazione dei Cookie potrebbero, inoltre, necessitare del consenso dell\u2019Utente. \u200bUso dei cookie Questo sito utilizza i Cookie per [&hellip;]<\/p>\n","protected":false},"author":1,"featured_media":0,"parent":0,"menu_order":0,"comment_status":"closed","ping_status":"closed","template":"elementor_header_footer","meta":{"_joinchat":[],"footnotes":""},"class_list":["post-345","page","type-page","status-publish","hentry"],"_links":{"self":[{"href":"https:\/\/ambulatoriosirignano.it\/index.php?rest_route=\/wp\/v2\/pages\/345","targetHints":{"allow":["GET"]}}],"collection":[{"href":"https:\/\/ambulatoriosirignano.it\/index.php?rest_route=\/wp\/v2\/pages"}],"about":[{"href":"https:\/\/ambulatoriosirignano.it\/index.php?rest_route=\/wp\/v2\/types\/page"}],"author":[{"embeddable":true,"href":"https:\/\/ambulatoriosirignano.it\/index.php?rest_route=\/wp\/v2\/users\/1"}],"replies":[{"embeddable":true,"href":"https:\/\/ambulatoriosirignano.it\/index.php?rest_route=%2Fwp%2Fv2%2Fcomments&post=345"}],"version-history":[{"count":7,"href":"https:\/\/ambulatoriosirignano.it\/index.php?rest_route=\/wp\/v2\/pages\/345\/revisions"}],"predecessor-version":[{"id":359,"href":"https:\/\/ambulatoriosirignano.it\/index.php?rest_route=\/wp\/v2\/pages\/345\/revisions\/359"}],"wp:attachment":[{"href":"https:\/\/ambulatoriosirignano.it\/index.php?rest_route=%2Fwp%2Fv2%2Fmedia&parent=345"}],"curies":[{"name":"wp","href":"https:\/\/api.w.org\/{rel}","templated":true}]}}