{"id":3,"date":"2024-05-17T11:10:16","date_gmt":"2024-05-17T11:10:16","guid":{"rendered":"https:\/\/ambulatoriosirignano.it\/?page_id=3"},"modified":"2024-05-22T18:48:47","modified_gmt":"2024-05-22T18:48:47","slug":"privacy-policy","status":"publish","type":"page","link":"https:\/\/ambulatoriosirignano.it\/?page_id=3","title":{"rendered":"Privacy Policy"},"content":{"rendered":"\t\t<div data-elementor-type=\"wp-page\" data-elementor-id=\"3\" class=\"elementor elementor-3\" data-elementor-post-type=\"page\">\n\t\t\t\t\t\t<section class=\"elementor-section elementor-top-section elementor-element elementor-element-2da0a488 elementor-section-full_width elementor-section-height-default elementor-section-height-default\" data-id=\"2da0a488\" data-element_type=\"section\" data-settings=\"{&quot;background_background&quot;:&quot;classic&quot;}\">\n\t\t\t\t\t\t\t<div class=\"elementor-background-overlay\"><\/div>\n\t\t\t\t\t\t\t<div class=\"elementor-container elementor-column-gap-default\">\n\t\t\t\t\t<div class=\"elementor-column elementor-col-100 elementor-top-column elementor-element elementor-element-70a52012\" data-id=\"70a52012\" data-element_type=\"column\" data-settings=\"{&quot;background_background&quot;:&quot;classic&quot;}\">\n\t\t\t<div class=\"elementor-widget-wrap elementor-element-populated\">\n\t\t\t\t\t<div class=\"elementor-background-overlay\"><\/div>\n\t\t\t\t\t\t<section class=\"elementor-section elementor-inner-section elementor-element elementor-element-4fa8bd04 elementor-section-boxed elementor-section-height-default elementor-section-height-default elementor-invisible\" data-id=\"4fa8bd04\" data-element_type=\"section\" data-settings=\"{&quot;animation&quot;:&quot;fadeInUp&quot;}\">\n\t\t\t\t\t\t<div class=\"elementor-container elementor-column-gap-default\">\n\t\t\t\t\t<div class=\"elementor-column elementor-col-100 elementor-inner-column elementor-element elementor-element-1c3238b9\" data-id=\"1c3238b9\" data-element_type=\"column\" data-settings=\"{&quot;background_background&quot;:&quot;classic&quot;}\">\n\t\t\t<div class=\"elementor-widget-wrap elementor-element-populated\">\n\t\t\t\t\t<div class=\"elementor-background-overlay\"><\/div>\n\t\t\t\t\t\t<div class=\"elementor-element elementor-element-6b03ca51 elementor-widget elementor-widget-heading\" data-id=\"6b03ca51\" data-element_type=\"widget\" data-widget_type=\"heading.default\">\n\t\t\t\t<div class=\"elementor-widget-container\">\n\t\t\t<style>\/*! elementor - v3.21.0 - 08-05-2024 *\/\n.elementor-heading-title{padding:0;margin:0;line-height:1}.elementor-widget-heading .elementor-heading-title[class*=elementor-size-]>a{color:inherit;font-size:inherit;line-height:inherit}.elementor-widget-heading .elementor-heading-title.elementor-size-small{font-size:15px}.elementor-widget-heading .elementor-heading-title.elementor-size-medium{font-size:19px}.elementor-widget-heading .elementor-heading-title.elementor-size-large{font-size:29px}.elementor-widget-heading .elementor-heading-title.elementor-size-xl{font-size:39px}.elementor-widget-heading .elementor-heading-title.elementor-size-xxl{font-size:59px}<\/style><h2 class=\"elementor-heading-title elementor-size-default\">Privacy Policy<\/h2>\t\t<\/div>\n\t\t\t\t<\/div>\n\t\t\t\t<div class=\"elementor-element elementor-element-7687f001 elementor-icon-list--layout-inline elementor-align-center elementor-list-item-link-full_width elementor-widget elementor-widget-icon-list\" data-id=\"7687f001\" data-element_type=\"widget\" data-widget_type=\"icon-list.default\">\n\t\t\t\t<div class=\"elementor-widget-container\">\n\t\t\t<link rel=\"stylesheet\" href=\"https:\/\/ambulatoriosirignano.it\/wp-content\/plugins\/elementor\/assets\/css\/widget-icon-list.min.css\">\t\t<ul class=\"elementor-icon-list-items elementor-inline-items\">\n\t\t\t\t\t\t\t<li class=\"elementor-icon-list-item elementor-inline-item\">\n\t\t\t\t\t\t\t\t\t\t<span class=\"elementor-icon-list-text\">Home <\/span>\n\t\t\t\t\t\t\t\t\t<\/li>\n\t\t\t\t\t\t\t\t<li class=\"elementor-icon-list-item elementor-inline-item\">\n\t\t\t\t\t\t\t\t\t\t\t<span class=\"elementor-icon-list-icon\">\n\t\t\t\t\t\t\t<svg aria-hidden=\"true\" class=\"e-font-icon-svg e-fas-paw\" viewBox=\"0 0 512 512\" xmlns=\"http:\/\/www.w3.org\/2000\/svg\"><path d=\"M256 224c-79.41 0-192 122.76-192 200.25 0 34.9 26.81 55.75 71.74 55.75 48.84 0 81.09-25.08 120.26-25.08 39.51 0 71.85 25.08 120.26 25.08 44.93 0 71.74-20.85 71.74-55.75C448 346.76 335.41 224 256 224zm-147.28-12.61c-10.4-34.65-42.44-57.09-71.56-50.13-29.12 6.96-44.29 40.69-33.89 75.34 10.4 34.65 42.44 57.09 71.56 50.13 29.12-6.96 44.29-40.69 33.89-75.34zm84.72-20.78c30.94-8.14 46.42-49.94 34.58-93.36s-46.52-72.01-77.46-63.87-46.42 49.94-34.58 93.36c11.84 43.42 46.53 72.02 77.46 63.87zm281.39-29.34c-29.12-6.96-61.15 15.48-71.56 50.13-10.4 34.65 4.77 68.38 33.89 75.34 29.12 6.96 61.15-15.48 71.56-50.13 10.4-34.65-4.77-68.38-33.89-75.34zm-156.27 29.34c30.94 8.14 65.62-20.45 77.46-63.87 11.84-43.42-3.64-85.21-34.58-93.36s-65.62 20.45-77.46 63.87c-11.84 43.42 3.64 85.22 34.58 93.36z\"><\/path><\/svg>\t\t\t\t\t\t<\/span>\n\t\t\t\t\t\t\t\t\t\t<span class=\"elementor-icon-list-text\">Privacy Policy<\/span>\n\t\t\t\t\t\t\t\t\t<\/li>\n\t\t\t\t\t\t<\/ul>\n\t\t\t\t<\/div>\n\t\t\t\t<\/div>\n\t\t\t\t\t<\/div>\n\t\t<\/div>\n\t\t\t\t\t<\/div>\n\t\t<\/section>\n\t\t\t\t\t<\/div>\n\t\t<\/div>\n\t\t\t\t\t<\/div>\n\t\t<\/section>\n\t\t<div class=\"elementor-element elementor-element-972db8b e-flex e-con-boxed e-con e-parent\" data-id=\"972db8b\" data-element_type=\"container\">\n\t\t\t\t\t<div class=\"e-con-inner\">\n\t\t\t\t<div class=\"elementor-element elementor-element-faeaad6 elementor-widget elementor-widget-text-editor\" data-id=\"faeaad6\" data-element_type=\"widget\" data-widget_type=\"text-editor.default\">\n\t\t\t\t<div class=\"elementor-widget-container\">\n\t\t\t<style>\/*! elementor - v3.21.0 - 08-05-2024 *\/\n.elementor-widget-text-editor.elementor-drop-cap-view-stacked .elementor-drop-cap{background-color:#69727d;color:#fff}.elementor-widget-text-editor.elementor-drop-cap-view-framed .elementor-drop-cap{color:#69727d;border:3px solid;background-color:transparent}.elementor-widget-text-editor:not(.elementor-drop-cap-view-default) .elementor-drop-cap{margin-top:8px}.elementor-widget-text-editor:not(.elementor-drop-cap-view-default) .elementor-drop-cap-letter{width:1em;height:1em}.elementor-widget-text-editor .elementor-drop-cap{float:left;text-align:center;line-height:1;font-size:50px}.elementor-widget-text-editor .elementor-drop-cap-letter{display:inline-block}<\/style>\t\t\t\t<h2>TITOLARE DEL TRATTAMENTO DEI DATI<\/h2><p>AMBULATORIO SIRIGNANO : Via Rione Sirignano, 5, 80121 Napoli NA<\/p><p>Telefono: 3476168796<\/p><p>Partita Iva: 07593330637<\/p><p>Indirizzo email: info@ambulatoriosirignano.it<\/p><h3>TIPOLOGIE DI DATI RACCOLTI<\/h3><p>Fra i Dati Personali raccolti da questo Sito Web, in modo autonomo o tramite terze parti, ci sono: Cookie; Dati di utilizzo; email; nome; cognome; data di nascita; numero di telefono; password; Partita IVA; ragione sociale; Codice Fiscale; nazione; provincia; numero di fax; CAP; citt\u00e0; indirizzo di fatturazione.<\/p><p>Dettagli completi su ciascuna tipologia di dati raccolti sono forniti nelle sezioni dedicate di questa privacy policy o mediante specifici testi informativi visualizzati prima della raccolta dei dati stessi.<br \/>I Dati Personali possono essere liberamente forniti dall\u2019Utente o, nel caso di Dati di Utilizzo, raccolti automaticamente durante l\u2019uso di questo Sito Web.<br \/>Se non diversamente specificato, tutti i Dati richiesti da questo Sito Web sono obbligatori. Se l\u2019Utente rifiuta di comunicarli, potrebbe essere impossibile per questo Sito Web fornire il Servizio. Nei casi in cui questo Sito Web indichi alcuni Dati come facoltativi, gli Utenti sono liberi di astenersi dal comunicare tali Dati, senza che ci\u00f2 abbia alcuna conseguenza sulla disponibilit\u00e0 del Servizio o sulla sua operativit\u00e0.<br \/>Gli Utenti che dovessero avere dubbi su quali Dati siano obbligatori, sono incoraggiati a contattare il Titolare.<br \/>L\u2019eventuale utilizzo di Cookie \u2013 o di altri strumenti di tracciamento \u2013 da parte di questo Sito Web o dei titolari dei servizi terzi utilizzati da questo Sito Web, ove non diversamente precisato, ha la finalit\u00e0 di fornire il Servizio richiesto dall\u2019Utente, oltre alle ulteriori finalit\u00e0 descritte nel presente documento e nella Cookie Policy, se disponibile.<\/p><p>L\u2019Utente si assume la responsabilit\u00e0 dei Dati Personali di terzi ottenuti, pubblicati o condivisi mediante questo Sito Web e garantisce di avere il diritto di comunicarli o diffonderli, liberando il Titolare da qualsiasi responsabilit\u00e0 verso terzi.<\/p><h3>MODALIT\u00c0 E LUOGO DEL TRATTAMENTO DEI DATI RACCOLTI<\/h3><p>Modalit\u00e0 di trattamento<\/p><p>Il Titolare adotta le opportune misure di sicurezza volte ad impedire l\u2019accesso, la divulgazione, la modifica o la distruzione non autorizzate dei Dati Personali.<br \/>Il trattamento viene effettuato mediante strumenti informatici e\/o telematici, con modalit\u00e0 organizzative e con logiche strettamente correlate alle finalit\u00e0 indicate. Oltre al Titolare, in alcuni casi, potrebbero avere accesso ai Dati altri soggetti coinvolti nell\u2019organizzazione di questo Sito Web (personale amministrativo, commerciale, marketing, legali, amministratori di sistema) ovvero soggetti esterni (come fornitori di servizi tecnici terzi, corrieri postali, hosting provider, societ\u00e0 informatiche, agenzie di comunicazione) nominati anche, se necessario, Responsabili del Trattamento da parte del Titolare. L\u2019elenco aggiornato dei Responsabili potr\u00e0 sempre essere richiesto al Titolare del Trattamento.<\/p><p>Base giuridica del trattamento<\/p><p>Il Titolare tratta Dati Personali relativi all\u2019Utente in caso sussista una delle seguenti condizioni:<\/p><p>l\u2019Utente ha prestato il consenso per una o pi\u00f9 finalit\u00e0 specifiche; Nota: in alcuni ordinamenti il Titolare pu\u00f2 essere autorizzato a trattare Dati Personali senza che debba sussistere il consenso dell\u2019Utente o un\u2019altra delle basi giuridiche specificate di seguito, fino a quando l\u2019Utente non si opponga (\u201copt-out\u201d) a tale trattamento. Ci\u00f2 non \u00e8 tuttavia applicabile qualora il trattamento di Dati Personali sia regolato dalla legislazione europea in materia di protezione dei Dati Personali;<br \/>il trattamento \u00e8 necessario all\u2019esecuzione di un contratto con l\u2019Utente e\/o all\u2019esecuzione di misure precontrattuali;<br \/>il trattamento \u00e8 necessario per adempiere un obbligo legale al quale \u00e8 soggetto il Titolare;<br \/>il trattamento \u00e8 necessario per l\u2019esecuzione di un compito di interesse pubblico o per l\u2019esercizio di pubblici poteri di cui \u00e8 investito il Titolare;<br \/>il trattamento \u00e8 necessario per il perseguimento del legittimo interesse del Titolare o di terzi.<br \/>\u00c8 comunque sempre possibile richiedere al Titolare di chiarire la concreta base giuridica di ciascun trattamento ed in particolare di specificare se il trattamento sia basato sulla legge, previsto da un contratto o necessario per concludere un contratto.<\/p><p>Luogo<\/p><p>I Dati sono trattati presso le sedi operative del Titolare ed in ogni altro luogo in cui le parti coinvolte nel trattamento siano localizzate. Per ulteriori informazioni, contatta il Titolare.<br \/>I Dati Personali dell\u2019Utente potrebbero essere trasferiti in un paese diverso da quello in cui l\u2019Utente si trova. Per ottenere ulteriori informazioni sul luogo del trattamento l\u2019Utente pu\u00f2 fare riferimento alla sezione relativa ai dettagli sul trattamento dei Dati Personali.<\/p><p>L\u2019Utente ha diritto a ottenere informazioni in merito alla base giuridica del trasferimento di Dati al di fuori dell\u2019Unione Europea o ad un\u2019organizzazione internazionale di diritto internazionale pubblico o costituita da due o pi\u00f9 paesi, come ad esempio l\u2019ONU, nonch\u00e9 in merito alle misure di sicurezza adottate dal Titolare per proteggere i Dati.<\/p><p>L\u2019Utente pu\u00f2 verificare se abbia luogo uno dei trasferimenti appena descritti esaminando la sezione di questo documento relativa ai dettagli sul trattamento di Dati Personali o chiedere informazioni al Titolare contattandolo agli estremi riportati in apertura.<\/p><p>Periodo di conservazione<\/p><p>I Dati sono trattati e conservati per il tempo richiesto dalle finalit\u00e0 per le quali sono stati raccolti.<\/p><p>Pertanto:<\/p><p>I Dati Personali raccolti per scopi collegati all\u2019esecuzione di un contratto tra il Titolare e l\u2019Utente saranno trattenuti sino a quando sia completata l\u2019esecuzione di tale contratto.<br \/>I Dati Personali raccolti per finalit\u00e0 riconducibili all\u2019interesse legittimo del Titolare saranno trattenuti sino al soddisfacimento di tale interesse. L\u2019Utente pu\u00f2 ottenere ulteriori informazioni in merito all\u2019interesse legittimo perseguito dal Titolare nelle relative sezioni di questo documento o contattando il Titolare.<br \/>Quando il trattamento \u00e8 basato sul consenso dell\u2019Utente, il Titolare pu\u00f2 conservare i Dati Personali pi\u00f9 a lungo sino a quando detto consenso non venga revocato. Inoltre, il Titolare potrebbe essere obbligato a conservare i Dati Personali per un periodo pi\u00f9 lungo in ottemperanza ad un obbligo di legge o per ordine di un\u2019autorit\u00e0.<\/p><p>Al termine del periodo di conservazione i Dati Personali saranno cancellati. Pertanto, allo spirare di tale termine il diritto di accesso, cancellazione, rettificazione ed il diritto alla portabilit\u00e0 dei Dati non potranno pi\u00f9 essere esercitati.<\/p><h3>FINALIT\u00c0 DEL TRATTAMENTO DEI DATI RACCOLTI<\/h3><p>I Dati dell\u2019Utente sono raccolti per consentire al Titolare di fornire il Servizio, adempiere agli obblighi di legge, rispondere a richieste o azioni esecutive, tutelare i propri diritti ed interessi (o quelli di Utenti o di terze parti), individuare eventuali attivit\u00e0 dolose o fraudolente, nonch\u00e9 per le seguenti finalit\u00e0: Interazione con social network e piattaforme esterne, Statistica, Visualizzazione di contenuti da piattaforme esterne, Contattare l\u2019Utente e Registrazione ed autenticazione fornite direttamente da questo Sito Web.<\/p><p>Per ottenere informazioni dettagliate sulle finalit\u00e0 del trattamento e sui Dati Personali trattati per ciascuna finalit\u00e0, l\u2019Utente pu\u00f2 fare riferimento alla sezione \u201cDettagli sul trattamento dei Dati Personali\u201d.<\/p><h3>DETTAGLI SUL TRATTAMENTO DEI DATI PERSONALI<\/h3><p>I Dati Personali sono raccolti per le seguenti finalit\u00e0 ed utilizzando i seguenti servizi:<\/p><p>Contattare l\u2019Utente<\/p><p>Mailing list o newsletter (questo Sito Web)<\/p><p>Con la registrazione alla mailing list o alla newsletter, l\u2019indirizzo email dell\u2019Utente viene automaticamente inserito in una lista di contatti a cui potranno essere trasmessi messaggi email contenenti informazioni, anche di natura commerciale e promozionale, relative a questo Sito Web. L\u2019indirizzo email dell\u2019Utente potrebbe anche essere aggiunto a questa lista come risultato della registrazione a questo Sito Web o dopo aver effettuato un acquisto.<\/p><p>Dati Personali trattati: email; nome.<\/p><p>Interazione con social network e piattaforme esterne<\/p><p>Questo tipo di servizi permette di effettuare interazioni con i social network, o con altre piattaforme esterne, direttamente dalle pagine di questo Sito Web.<br \/>Le interazioni e le informazioni acquisite da questo Sito Web sono in ogni caso soggette alle impostazioni privacy dell\u2019Utente relative ad ogni social network.<br \/>Questo tipo di servizio potrebbe comunque raccogliere dati sul traffico per le pagine dove il servizio \u00e8 installato, anche quando gli Utenti non lo utilizzano.<br \/>Si raccomanda di disconnettersi dai rispettivi servizi per assicurarsi che i dati elaborati su questo Sito Web non vengano ricollegati al profilo dell\u2019Utente.<\/p><p>AddThis (Oracle Corporation)<\/p><p>AddThis \u00e8 un servizio fornito da Oracle Corporation che visualizza un widget che permette l\u2019interazione con social network e piattaforme esterne e la condivisione dei contenuti di questo Sito Web.<br \/>A seconda della configurazione, questo servizio pu\u00f2 mostrare widget appartenenti a terze parti, ad esempio i gestori dei social network su cui condividere le interazioni. In questo caso, anche le terze parti che erogano il widget verranno a conoscenza delle interazione effettuata e dei Dati di Utilizzo relativi alle pagine in cui questo servizio \u00e8 installato.<\/p><p>Dati Personali trattati: Cookie; Dati di utilizzo.<\/p><p>Luogo del trattamento: Stati Uniti \u2013 Privacy Policy.<\/p><p>Pulsante Mi Piace e widget sociali di Facebook (Facebook Ireland Ltd)<\/p><p>Il pulsante \u201cMi Piace\u201d e i widget sociali di Facebook sono servizi di interazione con il social network Facebook, forniti da Facebook Ireland Ltd<\/p><p>Dati Personali trattati: Cookie; Dati di utilizzo.<\/p><p>Luogo del trattamento: Irlanda \u2013 Privacy Policy.<\/p><p>Pulsante Tweet e widget sociali di Twitter (Twitter, Inc.)<\/p><p>Il pulsante Tweet e i widget sociali di Twitter sono servizi di interazione con il social network Twitter, forniti da Twitter, Inc.<\/p><p>Dati Personali trattati: Cookie; Dati di utilizzo.<\/p><p>Luogo del trattamento: Stati Uniti \u2013 Privacy Policy.<\/p><p>Pulsante \u201cPin it\u201d e widget sociali di Pinterest (Pinterest, Inc.)<\/p><p>Il pulsante \u201cPin it\u201d e widget sociali di Pinterest sono servizi di interazione con la piattaforma Pinterest, forniti da Pinterest Inc.<\/p><p>Dati Personali trattati: Cookie; Dati di utilizzo.<\/p><p>Luogo del trattamento: Stati Uniti \u2013 Privacy Policy.<\/p><p>Registrazione ed autenticazione fornite direttamente da questo Sito Web<\/p><p>Con la registrazione o l\u2019autenticazione l\u2019Utente consente a questo Sito Web di identificarlo e di dargli accesso a servizi dedicati. I Dati Personali sono raccolti e conservati esclusivamente a scopo di registrazione o di identificazione. I Dati raccolti sono solo quelli necessari a fornire il servizio richiesto dall\u2019Utente.<\/p><p>Registrazione diretta (questo Sito Web)<\/p><p>L\u2019Utente si registra compilando il modulo di registrazione e fornendo direttamente a questo Sito Web i propri Dati Personali.<\/p><p>Dati Personali trattati: CAP; citt\u00e0; Codice Fiscale; cognome; data di nascita; email; indirizzo di fatturazione; nazione; nome; numero di fax; numero di telefono; Partita IVA; password; provincia; ragione sociale.<\/p><p>Statistica<\/p><p>I servizi contenuti nella presente sezione permettono al Titolare del Trattamento di monitorare e analizzare i dati di traffico e servono a tener traccia del comportamento dell\u2019Utente.<\/p><p>Google Analytics (Google Ireland Limited)<\/p><p>Google Analytics \u00e8 un servizio di analisi web fornito da Google Ireland Limited (\u201cGoogle\u201d). Google utilizza i Dati Personali raccolti allo scopo di tracciare ed esaminare l\u2019utilizzo di questo Sito Web, compilare report e condividerli con gli altri servizi sviluppati da Google.<br \/>Google potrebbe utilizzare i Dati Personali per contestualizzare e personalizzare gli annunci del proprio network pubblicitario.<\/p><p>Dati Personali trattati: Cookie; Dati di utilizzo.<\/p><p>Luogo del trattamento: Irlanda \u2013 Privacy Policy \u2013 Opt Out.<\/p><p>Google Analytics con IP anonimizzato (Google Ireland Limited)<\/p><p>Google Analytics \u00e8 un servizio di analisi web fornito da Google Ireland Limited (\u201cGoogle\u201d). Google utilizza i Dati Personali raccolti allo scopo di tracciare ed esaminare l\u2019utilizzo di questo Sito Web, compilare report e condividerli con gli altri servizi sviluppati da Google.<br \/>Google potrebbe utilizzare i Dati Personali per contestualizzare e personalizzare gli annunci del proprio network pubblicitario.<br \/>Questa integrazione di Google Analytics rende anonimo il tuo indirizzo IP. L\u2019anonimizzazione funziona abbreviando entro i confini degli stati membri dell\u2019Unione Europea o in altri Paesi aderenti all\u2019accordo sullo Spazio Economico Europeo l\u2019indirizzo IP degli Utenti. Solo in casi eccezionali, l\u2019indirizzo IP sar\u00e0 inviato ai server di Google ed abbreviato all\u2019interno degli Stati Uniti.<\/p><p>Dati Personali trattati: Cookie; Dati di utilizzo.<\/p><p>Luogo del trattamento: Irlanda \u2013 Privacy Policy \u2013 Opt Out.<\/p><p>Visualizzazione di contenuti da piattaforme esterne<\/p><p>Questo tipo di servizi permette di visualizzare contenuti ospitati su piattaforme esterne direttamente dalle pagine di questo Sito Web e di interagire con essi.<br \/>Questo tipo di servizio potrebbe comunque raccogliere dati sul traffico web relativo alle pagine dove il servizio \u00e8 installato, anche quando gli utenti non lo utilizzano.<\/p><p>Google Fonts (Google Ireland Limited)<\/p><p>Google Fonts \u00e8 un servizio di visualizzazione di stili di carattere gestito da Google Ireland Limited che permette a questo Sito Web di integrare tali contenuti all\u2019interno delle proprie pagine.<\/p><p>Dati Personali trattati: Dati di utilizzo; varie tipologie di Dati secondo quanto specificato dalla privacy policy del servizio.<\/p><p>Luogo del trattamento: Irlanda \u2013 Privacy Policy.<\/p><p>Widget Google Maps (Google Ireland Limited)<\/p><p>Google Maps \u00e8 un servizio di visualizzazione di mappe gestito da Google Ireland Limited che permette a questo Sito Web di integrare tali contenuti all\u2019interno delle proprie pagine.<\/p><p>Dati Personali trattati: Cookie; Dati di utilizzo.<\/p><p>Luogo del trattamento: Irlanda \u2013 Privacy Policy.<\/p>\t\t\t\t\t\t<\/div>\n\t\t\t\t<\/div>\n\t\t\t\t<div class=\"elementor-element elementor-element-34e62e8 elementor-widget elementor-widget-spacer\" data-id=\"34e62e8\" data-element_type=\"widget\" data-widget_type=\"spacer.default\">\n\t\t\t\t<div class=\"elementor-widget-container\">\n\t\t\t<style>\/*! elementor - v3.21.0 - 08-05-2024 *\/\n.elementor-column .elementor-spacer-inner{height:var(--spacer-size)}.e-con{--container-widget-width:100%}.e-con-inner>.elementor-widget-spacer,.e-con>.elementor-widget-spacer{width:var(--container-widget-width,var(--spacer-size));--align-self:var(--container-widget-align-self,initial);--flex-shrink:0}.e-con-inner>.elementor-widget-spacer>.elementor-widget-container,.e-con>.elementor-widget-spacer>.elementor-widget-container{height:100%;width:100%}.e-con-inner>.elementor-widget-spacer>.elementor-widget-container>.elementor-spacer,.e-con>.elementor-widget-spacer>.elementor-widget-container>.elementor-spacer{height:100%}.e-con-inner>.elementor-widget-spacer>.elementor-widget-container>.elementor-spacer>.elementor-spacer-inner,.e-con>.elementor-widget-spacer>.elementor-widget-container>.elementor-spacer>.elementor-spacer-inner{height:var(--container-widget-height,var(--spacer-size))}.e-con-inner>.elementor-widget-spacer.elementor-widget-empty,.e-con>.elementor-widget-spacer.elementor-widget-empty{position:relative;min-height:22px;min-width:22px}.e-con-inner>.elementor-widget-spacer.elementor-widget-empty .elementor-widget-empty-icon,.e-con>.elementor-widget-spacer.elementor-widget-empty .elementor-widget-empty-icon{position:absolute;top:0;bottom:0;left:0;right:0;margin:auto;padding:0;width:22px;height:22px}<\/style>\t\t<div class=\"elementor-spacer\">\n\t\t\t<div class=\"elementor-spacer-inner\"><\/div>\n\t\t<\/div>\n\t\t\t\t<\/div>\n\t\t\t\t<\/div>\n\t\t\t\t\t<\/div>\n\t\t\t\t<\/div>\n\t\t\t\t<\/div>\n\t\t","protected":false},"excerpt":{"rendered":"<p>Privacy Policy Home Privacy Policy TITOLARE DEL TRATTAMENTO DEI DATI AMBULATORIO SIRIGNANO : Via Rione Sirignano, 5, 80121 Napoli NA Telefono: 3476168796 Partita Iva: 07593330637 Indirizzo email: info@ambulatoriosirignano.it TIPOLOGIE DI DATI RACCOLTI Fra i Dati Personali raccolti da questo Sito Web, in modo autonomo o tramite terze parti, ci sono: Cookie; Dati di utilizzo; email; [&hellip;]<\/p>\n","protected":false},"author":1,"featured_media":0,"parent":0,"menu_order":0,"comment_status":"closed","ping_status":"open","template":"elementor_header_footer","meta":{"_joinchat":[],"footnotes":""},"class_list":["post-3","page","type-page","status-publish","hentry"],"_links":{"self":[{"href":"https:\/\/ambulatoriosirignano.it\/index.php?rest_route=\/wp\/v2\/pages\/3","targetHints":{"allow":["GET"]}}],"collection":[{"href":"https:\/\/ambulatoriosirignano.it\/index.php?rest_route=\/wp\/v2\/pages"}],"about":[{"href":"https:\/\/ambulatoriosirignano.it\/index.php?rest_route=\/wp\/v2\/types\/page"}],"author":[{"embeddable":true,"href":"https:\/\/ambulatoriosirignano.it\/index.php?rest_route=\/wp\/v2\/users\/1"}],"replies":[{"embeddable":true,"href":"https:\/\/ambulatoriosirignano.it\/index.php?rest_route=%2Fwp%2Fv2%2Fcomments&post=3"}],"version-history":[{"count":9,"href":"https:\/\/ambulatoriosirignano.it\/index.php?rest_route=\/wp\/v2\/pages\/3\/revisions"}],"predecessor-version":[{"id":362,"href":"https:\/\/ambulatoriosirignano.it\/index.php?rest_route=\/wp\/v2\/pages\/3\/revisions\/362"}],"wp:attachment":[{"href":"https:\/\/ambulatoriosirignano.it\/index.php?rest_route=%2Fwp%2Fv2%2Fmedia&parent=3"}],"curies":[{"name":"wp","href":"https:\/\/api.w.org\/{rel}","templated":true}]}}